{"id":4905,"date":"2023-02-28T14:34:35","date_gmt":"2023-02-28T13:34:35","guid":{"rendered":"https:\/\/www.capybarabooks.com\/produkt\/4893\/"},"modified":"2023-12-21T08:28:18","modified_gmt":"2023-12-21T07:28:18","slug":"parfois-la-nuit","status":"publish","type":"product","link":"https:\/\/www.capybarabooks.com\/fr\/produit\/parfois-la-nuit\/","title":{"rendered":"Parfois la nuit se tait"},"content":{"rendered":"<p>[vc_row full_width=\u00a0\u00bbstretch_row\u00a0\u00bb content_placement=\u00a0\u00bbmiddle\u00a0\u00bb svg_background=\u00a0\u00bb%5B%7B%7D%5D\u00a0\u00bb css=\u00a0\u00bb.vc_custom_1658229123380{padding-top: 0px !important;padding-bottom: 0px !important;background-image: url(https:\/\/www.capybarabooks.com\/wp22\/wp-content\/uploads\/2021\/12\/buch-header.jpg?id=3089) !important;background-position: center !important;background-repeat: no-repeat !important;background-size: cover !important;}\u00a0\u00bb el_class=\u00a0\u00bbseitentitel-hintergrund\u00a0\u00bb][vc_column][vc_column_text el_class=\u00a0\u00bbseitentitel-eins\u00a0\u00bb]<\/p>\n<p style=\"text-align: center;\">LIVRES<\/p>\n<p>[\/vc_column_text][vc_column_text el_class=\u00a0\u00bbseitentitel-zwei\u00a0\u00bb]<\/p>\n<p style=\"text-align: center;\">Litt\u00e9rature<\/p>\n<p>[\/vc_column_text][\/vc_column][\/vc_row][vc_row css=\u00a0\u00bb.vc_custom_1658237907272{margin-top: 25px !important;}\u00a0\u00bb svg_background=\u00a0\u00bb%5B%7B%7D%5D\u00a0\u00bb][vc_column width=\u00a0\u00bb1\/3&Prime;][vc_single_image image=\u00a0\u00bb4899&Prime; img_size=\u00a0\u00bbfull\u00a0\u00bb][\/vc_column][vc_column width=\u00a0\u00bb2\/3&Prime; el_class=\u00a0\u00bbbuch-informationen\u00a0\u00bb][vc_column_text el_class=\u00a0\u00bbbuch-autor\u00a0\u00bb]Antoine Pohu[\/vc_column_text][vc_column_text el_class=\u00a0\u00bbbuch-titel\u00a0\u00bb]Parfois la nuit se tait[\/vc_column_text][vc_column_text]Bruxelles, la nuit.<br \/>\nDaniel prom\u00e8ne ses doigts sur les pianos, de bars au d\u00e9cor kitsch en salles de concert r\u00e9put\u00e9es. Ses amis semblent d\u00e9j\u00e0 conna\u00eetre la trajectoire qu\u2019ils veulent donner \u00e0 leurs vies. Lui cherche encore, \u00e0 la lumi\u00e8re des phares qui se refl\u00e8tent sur le bitume. Entre le souvenir vivace de Paul et une passion raisonn\u00e9e pour Marie, il scrute la beaut\u00e9 d\u2019un monde qui l\u2019attire et le repousse \u00e0 la fois. Et si s\u2019\u00e9loigner de cette ville qui lui colle \u00e0 la peau \u00e9tait la solution ? Parfois, lorsque la nuit se tait, il faut savoir l\u2019\u00e9couter.[\/vc_column_text][vc_column_text]Aussi disponible \u00e0 Bruxelles dans les librairies suivantes :<\/p>\n<p><a href=\"https:\/\/editionsmeteores.com\/librairie\/\">Librairie M\u00e9t\u00e9ores<\/a><br \/>\n<a href=\"https:\/\/www.passaporta.be\/fr\/\">passa porta<\/a><br \/>\n<a href=\"https:\/\/www.pub-ulb.be\/\">Presses universitaires de Bruxelles<\/a><br \/>\n<a href=\"http:\/\/tulitu.eu\/wp\/\">TULITU<\/a><\/p>\n<p>Date de parution : 23.03.2023<br \/>\n216 pages, 20 x 12 cm<br \/>\nBroch\u00e9 avec rabats<br \/>\nISBN 978-99959-43-47-9<br \/>\n19,00 \u20ac[\/vc_column_text][vc_btn title=\u00a0\u00bbEXTRAIT\u00a0\u00bb style=\u00a0\u00bboutline\u00a0\u00bb shape=\u00a0\u00bbsquare\u00a0\u00bb color=\u00a0\u00bbblack\u00a0\u00bb size=\u00a0\u00bblg\u00a0\u00bb link=\u00a0\u00bburl:https%3A%2F%2Fwww.capybarabooks.com%2Fwp22%2Fwp-content%2Fuploads%2F2023%2F02%2Fleseprobe-Parfois.pdf|target:_blank|\u00a0\u00bb css=\u00a0\u00bb.vc_custom_1677921477757{margin-right: 25px !important;}\u00a0\u00bb el_class=\u00a0\u00bbbutton-leseprobe\u00a0\u00bb][vc_btn title=\u00a0\u00bbCOUVERTURE\u00a0\u00bb style=\u00a0\u00bboutline\u00a0\u00bb shape=\u00a0\u00bbsquare\u00a0\u00bb color=\u00a0\u00bbblack\u00a0\u00bb size=\u00a0\u00bblg\u00a0\u00bb link=\u00a0\u00bburl:https%3A%2F%2Fwww.capybarabooks.com%2Fwp22%2Fwp-content%2Fuploads%2F2023%2F02%2FCover-Parfois.jpg|target:_blank|\u00a0\u00bb el_class=\u00a0\u00bbbutton-coverdownload\u00a0\u00bb][vc_separator color=\u00a0\u00bbblack\u00a0\u00bb][vc_row_inner equal_height=\u00a0\u00bbyes\u00a0\u00bb content_placement=\u00a0\u00bbtop\u00a0\u00bb svg_background=\u00a0\u00bb%5B%7B%7D%5D\u00a0\u00bb el_class=\u00a0\u00bbautor-info-kasten\u00a0\u00bb][vc_column_inner width=\u00a0\u00bb1\/6&Prime;][vc_single_image image=\u00a0\u00bb4897&Prime; img_size=\u00a0\u00bbfull\u00a0\u00bb el_class=\u00a0\u00bbautor-foto\u00a0\u00bb][\/vc_column_inner][vc_column_inner el_class=\u00a0\u00bbautor-info-text\u00a0\u00bb width=\u00a0\u00bb5\/6&Prime;][vc_column_text el_class=\u00a0\u00bbautor-im-kasten\u00a0\u00bb]<a href=\"https:\/\/www.capybarabooks.com\/fr\/auteur-e-s\/\">Antoine Pohu<\/a>[\/vc_column_text][vc_column_text]Antoine Pohu (1999) est un \u00e9crivain luxembourgeois d\u2019expression fran\u00e7aise. Il compte \u00e0 son actif quelques nouvelles, publi\u00e9es dans des revues litt\u00e9raires et des ouvrages collectifs, ainsi qu\u2019un premier roman,\u00a0<em>La Qu\u00eate<\/em>, paru chez Op der Lay en 2020.<br \/>\nEn parall\u00e8le \u00e0 ses \u00e9tudes en arts du spectacle vivant \u00e0 l\u2019Universit\u00e9 libre de Bruxelles,<br \/>\nil commence \u00e0 travailler sur des projets th\u00e9\u00e2traux et performatifs, que ce soit par l\u2019\u00e9criture, la pratique de la dramaturgie ou la programmation artistique.[\/vc_column_text][\/vc_column_inner][\/vc_row_inner][vc_separator color=\u00a0\u00bbblack\u00a0\u00bb][\/vc_column][\/vc_row][vc_row el_class=\u00a0\u00bbpresse-echo\u00a0\u00bb svg_background=\u00a0\u00bb%5B%7B%7D%5D\u00a0\u00bb][vc_column][vc_column_text css=\u00a0\u00bb.vc_custom_1689151611765{margin-top: 10px !important;margin-bottom: 10px !important;padding-top: 10px !important;padding-right: 50px !important;padding-bottom: 20px !important;padding-left: 50px !important;background-color: #eaeaea !important;}\u00a0\u00bb]\u00ab Une \u0153uvre \u00e0 la fois sinc\u00e8re et tendre, soutenue par des moments d&rsquo;intense po\u00e9sie contemplative mais non d\u00e9nu\u00e9e d&rsquo;une intensit\u00e9 \u00e0 la fois subversive et constante. (&#8230;) C&rsquo;est ainsi que dans ce deuxi\u00e8me roman, Antoine Pohu r\u00e9v\u00e8le une puret\u00e9 stylistique et une profondeur psychologique qui, combin\u00e9es \u00e0 un art certain de faire na\u00eetre par une langue sobre et \u00e9pur\u00e9e dans la simplicit\u00e9 des situations des moments de pure po\u00e9sie, apparaissent d\u00e9j\u00e0 comme les qualit\u00e9s distinctives d&rsquo;un auteur qui malgr\u00e9 son jeune \u00e2ge, a trouv\u00e9 sa voie &#8211; et sa place &#8211; dans la litt\u00e9rature francophone luxembourgeoise. \u00bb<br \/>\n<strong>Luxemburger Wort<\/strong>[\/vc_column_text][vc_column_text css=\u00a0\u00bb.vc_custom_1681198565060{margin-top: 10px !important;margin-bottom: 10px !important;padding-top: 10px !important;padding-right: 50px !important;padding-bottom: 20px !important;padding-left: 50px !important;background-color: #eaeaea !important;}\u00a0\u00bb]\u00ab Parfait <em>Bildungsroman<\/em>, qui relate les premi\u00e8res exp\u00e9riences d&rsquo;une vie adulte dans un monde de plus en plus complexe et fait un premier bilan des d\u00e9convenues d&rsquo;une jeunesse contemporaine, \u2039Parfois la nuit de tait\u203a dessine le portrait d&rsquo;un jeune homme sensible, ballot\u00e9 par les diff\u00e9rents possibles, qui trouve sans seul havre de paix dans le monde flottant de la nuit. \u00bb<br \/>\n<strong>Tageblatt<\/strong>[\/vc_column_text][vc_column_text css=\u00a0\u00bb.vc_custom_1685787903344{margin-top: 10px !important;margin-bottom: 10px !important;padding-top: 10px !important;padding-right: 50px !important;padding-bottom: 20px !important;padding-left: 50px !important;background-color: #eaeaea !important;}\u00a0\u00bb]\u00ab Avec une langue dense qui n&rsquo;h\u00e9site pas \u00e0 \u00e9pouser des \u2039 <em>bouillottements<\/em> \u203a lexicaux inattendus, Antoine Pohu joue sur diff\u00e9rents registres dans lesquels la musique aide \u00e0 chercher du sens ou, \u00e0 tout le moins, \u00e0 mettre un peu d&rsquo;ordre dans une trajectoire en zigzag. \u00bb<br \/>\n<strong>Livres<\/strong>[\/vc_column_text][vc_column_text css=\u00a0\u00bb.vc_custom_1703142862014{margin-top: 10px !important;margin-bottom: 10px !important;padding-top: 10px !important;padding-right: 50px !important;padding-bottom: 20px !important;padding-left: 50px !important;background-color: #eaeaea !important;}\u00a0\u00bb]<\/p>\n<p>\u00ab L&rsquo;\u00e9criture d&rsquo;Antoine Pohu r\u00e9v\u00e8le une grande sensibilit\u00e9, parfois un certain lyrisme. On n&rsquo;est pas dans une improvisation de jazz, mais dans un roman clairement structur\u00e9, au rythme ma\u00eetris\u00e9. (&#8230;) Les tourments du narrateur sont ceux de la jeunesse d&rsquo;aujourd&rsquo;hui qui veut tout et rien \u00e0 la fois, l&rsquo;amour des deux genres, l&rsquo;autonomie et la libert\u00e9, la solitude et la solidarit\u00e9. \u00bb<br \/>\n<strong>d&rsquo;L\u00ebtzebuerger Land<\/strong><\/p>\n<p>[\/vc_column_text][\/vc_column][\/vc_row]<\/p>\n","protected":false},"excerpt":{"rendered":"<p>[vc_row full_width=\u00a0\u00bbstretch_row\u00a0\u00bb content_placement=\u00a0\u00bbmiddle\u00a0\u00bb svg_background=\u00a0\u00bb%5B%7B%7D%5D\u00a0\u00bb css=\u00a0\u00bb.vc_custom_1658229123380{padding-top: 0px !important;padding-bottom: 0px !important;background-image: url(https:\/\/www.capybarabooks.com\/wp22\/wp-content\/uploads\/2021\/12\/buch-header.jpg?id=3089) !important;background-position: center !important;background-repeat: no-repeat !important;background-size: cover !important;}\u00a0\u00bb el_class=\u00a0\u00bbseitentitel-hintergrund\u00a0\u00bb][vc_column][vc_column_text el_class=\u00a0\u00bbseitentitel-eins\u00a0\u00bb] LIVRES [\/vc_column_text][vc_column_text el_class=\u00a0\u00bbseitentitel-zwei\u00a0\u00bb] Litt\u00e9rature [\/vc_column_text][\/vc_column][\/vc_row][vc_row css=\u00a0\u00bb.vc_custom_1658237907272{margin-top: 25px !important;}\u00a0\u00bb svg_background=\u00a0\u00bb%5B%7B%7D%5D\u00a0\u00bb][vc_column width=\u00a0\u00bb1\/3&Prime;][vc_single_image image=\u00a0\u00bb4899&Prime; img_size=\u00a0\u00bbfull\u00a0\u00bb][\/vc_column][vc_column width=\u00a0\u00bb2\/3&Prime; el_class=\u00a0\u00bbbuch-informationen\u00a0\u00bb][vc_column_text el_class=\u00a0\u00bbbuch-autor\u00a0\u00bb]Antoine Pohu[\/vc_column_text][vc_column_text el_class=\u00a0\u00bbbuch-titel\u00a0\u00bb]Parfois la nuit se tait[\/vc_column_text][vc_column_text]Bruxelles, [&hellip;]<\/p>\n","protected":false},"author":40,"featured_media":4907,"template":"","meta":[],"product_cat":[84],"product_tag":[],"class_list":["post-4905","product","type-product","status-publish","has-post-thumbnail","hentry","product_cat-litterature"],"aioseo_notices":[],"_links":{"self":[{"href":"https:\/\/www.capybarabooks.com\/fr\/wp-json\/wp\/v2\/product\/4905","targetHints":{"allow":["GET"]}}],"collection":[{"href":"https:\/\/www.capybarabooks.com\/fr\/wp-json\/wp\/v2\/product"}],"about":[{"href":"https:\/\/www.capybarabooks.com\/fr\/wp-json\/wp\/v2\/types\/product"}],"author":[{"embeddable":true,"href":"https:\/\/www.capybarabooks.com\/fr\/wp-json\/wp\/v2\/users\/40"}],"wp:featuredmedia":[{"embeddable":true,"href":"https:\/\/www.capybarabooks.com\/fr\/wp-json\/wp\/v2\/media\/4907"}],"wp:attachment":[{"href":"https:\/\/www.capybarabooks.com\/fr\/wp-json\/wp\/v2\/media?parent=4905"}],"wp:term":[{"taxonomy":"product_cat","embeddable":true,"href":"https:\/\/www.capybarabooks.com\/fr\/wp-json\/wp\/v2\/product_cat?post=4905"},{"taxonomy":"product_tag","embeddable":true,"href":"https:\/\/www.capybarabooks.com\/fr\/wp-json\/wp\/v2\/product_tag?post=4905"}],"curies":[{"name":"wp","href":"https:\/\/api.w.org\/{rel}","templated":true}]}}