{"id":3939,"date":"2019-07-01T15:33:40","date_gmt":"2019-07-01T13:33:40","guid":{"rendered":"https:\/\/www.capybarabooks.com\/wp22\/product\/magnetosaurus-nostalgodon\/"},"modified":"2022-10-26T11:14:33","modified_gmt":"2022-10-26T09:14:33","slug":"magnetosaurus-nostalgodon","status":"publish","type":"product","link":"https:\/\/www.capybarabooks.com\/fr\/produit\/magnetosaurus-nostalgodon\/","title":{"rendered":"Magnetosaurus Nostalgodon"},"content":{"rendered":"<p>[vc_row full_width=\u00a0\u00bbstretch_row\u00a0\u00bb content_placement=\u00a0\u00bbmiddle\u00a0\u00bb svg_background=\u00a0\u00bb%5B%7B%7D%5D\u00a0\u00bb css=\u00a0\u00bb.vc_custom_1658229123380{padding-top: 0px !important;padding-bottom: 0px !important;background-image: url(https:\/\/www.capybarabooks.com\/wp22\/wp-content\/uploads\/2021\/12\/buch-header.jpg?id=3089) !important;background-position: center !important;background-repeat: no-repeat !important;background-size: cover !important;}\u00a0\u00bb el_class=\u00a0\u00bbseitentitel-hintergrund\u00a0\u00bb][vc_column][vc_column_text el_class=\u00a0\u00bbseitentitel-eins\u00a0\u00bb]<\/p>\n<p style=\"text-align: center;\">LIVRES<\/p>\n<p>[\/vc_column_text][vc_column_text el_class=\u00a0\u00bbseitentitel-zwei\u00a0\u00bb]<\/p>\n<p style=\"text-align: center;\">Litt\u00e9rature<\/p>\n<p>[\/vc_column_text][\/vc_column][\/vc_row][vc_row css=\u00a0\u00bb.vc_custom_1658237907272{margin-top: 25px !important;}\u00a0\u00bb svg_background=\u00a0\u00bb%5B%7B%7D%5D\u00a0\u00bb][vc_column width=\u00a0\u00bb1\/3&Prime;][vc_single_image image=\u00a0\u00bb3127&Prime; img_size=\u00a0\u00bbfull\u00a0\u00bb][\/vc_column][vc_column width=\u00a0\u00bb2\/3&Prime; el_class=\u00a0\u00bbbuch-informationen\u00a0\u00bb][vc_column_text el_class=\u00a0\u00bbbuch-autor\u00a0\u00bb]Jean-Marc Lantz[\/vc_column_text][vc_column_text el_class=\u00a0\u00bbbuch-titel\u00a0\u00bb]Magnetosaurus Nostalgodon[\/vc_column_text][vc_column_text]Firwat schumme sech sou vill L\u00ebtzebuerger fir hir Jugend, soubal si de Lyc\u00e9e hannert sech hunn? Dann ass alles op eng K\u00e9ier \u00bbkannereg\u00ab gewiescht. Mee war et dat wierklech?<\/p>\n<p>De Jo\u00e9 wiisst an de 70er an 80er Joren an der Minettsg\u00e9igend op. Hien ass an enger ganz cooler Band, seng Elteren hunn de Krich nach an de Schanken an him ass d&rsquo;Land ze kleng. W\u00e9i d&rsquo;Beth a s\u00e4i Liewe k\u00ebnnt, \u00e4nnert sech alles.[\/vc_column_text][vc_column_text]Langues : luxembourgeois et anglais<br \/>\nDate de parution : 01.07.2019<br \/>\n376 pages, 20 x 12 cm<br \/>\nReli\u00e9 avec jaquette<br \/>\nISBN 978-99959-43-22-6<br \/>\n25,00 \u20ac[\/vc_column_text][vc_btn title=\u00a0\u00bbEXTRAIT\u00a0\u00bb style=\u00a0\u00bboutline\u00a0\u00bb shape=\u00a0\u00bbsquare\u00a0\u00bb color=\u00a0\u00bbblack\u00a0\u00bb size=\u00a0\u00bblg\u00a0\u00bb link=\u00a0\u00bburl:https%3A%2F%2Fwww.capybarabooks.com%2Fwp22%2Fwp-content%2Fuploads%2F2022%2F07%2FMS_Roman_JML_Leseprobe.pdf|target:_blank|\u00a0\u00bb css=\u00a0\u00bb.vc_custom_1661845200741{margin-right: 25px !important;}\u00a0\u00bb el_class=\u00a0\u00bbbutton-leseprobe\u00a0\u00bb][vc_btn title=\u00a0\u00bbCOUVERTURE\u00a0\u00bb style=\u00a0\u00bboutline\u00a0\u00bb shape=\u00a0\u00bbsquare\u00a0\u00bb color=\u00a0\u00bbblack\u00a0\u00bb size=\u00a0\u00bblg\u00a0\u00bb link=\u00a0\u00bburl:https%3A%2F%2Fwww.capybarabooks.com%2Fwp22%2Fwp-content%2Fuploads%2F2022%2F07%2F12-Magnetosaurus.jpg|target:_blank|\u00a0\u00bb el_class=\u00a0\u00bbbutton-coverdownload\u00a0\u00bb][vc_separator color=\u00a0\u00bbblack\u00a0\u00bb][vc_row_inner equal_height=\u00a0\u00bbyes\u00a0\u00bb content_placement=\u00a0\u00bbtop\u00a0\u00bb svg_background=\u00a0\u00bb%5B%7B%7D%5D\u00a0\u00bb el_class=\u00a0\u00bbautor-info-kasten\u00a0\u00bb][vc_column_inner width=\u00a0\u00bb1\/6&Prime;][vc_single_image image=\u00a0\u00bb3173&Prime; img_size=\u00a0\u00bbfull\u00a0\u00bb el_class=\u00a0\u00bbautor-foto\u00a0\u00bb][\/vc_column_inner][vc_column_inner el_class=\u00a0\u00bbautor-info-text\u00a0\u00bb width=\u00a0\u00bb5\/6&Prime;][vc_column_text el_class=\u00a0\u00bbautor-im-kasten\u00a0\u00bb]<a href=\"https:\/\/www.capybarabooks.com\/wp22\/fr\/auteur-e-s\/#lantz\">Jean-Marc Lantz<\/a>[\/vc_column_text][vc_column_text]Jean-Marc Lantz est n\u00e9 en 1964 au Luxembourg. Il a \u00e9tudi\u00e9 l\u2019anglais, il vit et travaille dans le sud du pays. \u00ab\u00a0Magnetosaurus Nostalgodon\u00a0\u00bb est son premier roman.[\/vc_column_text][\/vc_column_inner][\/vc_row_inner][vc_separator color=\u00a0\u00bbblack\u00a0\u00bb][\/vc_column][\/vc_row][vc_row el_class=\u00a0\u00bbpresse-echo\u00a0\u00bb svg_background=\u00a0\u00bb%5B%7B%7D%5D\u00a0\u00bb][vc_column][vc_column_text css=\u00a0\u00bb.vc_custom_1658324264388{margin-top: 10px !important;margin-bottom: 10px !important;padding-top: 10px !important;padding-right: 50px !important;padding-bottom: 20px !important;padding-left: 50px !important;background-color: #eaeaea !important;}\u00a0\u00bb]<\/p>\n<p>\u00bbDem Leser wird auffallen, dass der Autor unglaublich bilderreich schreibt. \u203aDe grousse schwaarzen Hond stoung mat senge viischte Patten an der Rumm vun der Stalldier an huet de Jo\u00e9 ugekuckt.\u2039 Mit diesem Satz ist alles gesagt. Der Hund bedeutet Gefahr. Der Junge hat Angst. Die Szene spielt auf dem Land. Das Fragmentarische und die ziemlich hohe Zahl von Schaupl\u00e4tzen und Nebenfiguren verlangen indes ein H\u00f6chstma\u00df an Konzentration. Weshalb man das Buch nicht zu oft zu lange weglegen sollte. Einzelne Beobachtungen sind derweil derart poetisch festgehalten, dass man immer wieder von neuem tief ber\u00fchrt ist.\u00ab<br \/>\n<strong>Revue<\/strong><\/p>\n<p>[\/vc_column_text][vc_column_text css=\u00a0\u00bb.vc_custom_1666717058873{margin-top: 10px !important;margin-bottom: 10px !important;padding-top: 10px !important;padding-right: 50px !important;padding-bottom: 20px !important;padding-left: 50px !important;background-color: #eaeaea !important;}\u00a0\u00bb]\u00bbE ganz kreativen \u00cbmgang mat der Sprooch, souwuel mam L\u00ebtzebuergeschen w\u00e9i och mam Engleschen.\u00ab<br \/>\n<strong>RTL<\/strong>[\/vc_column_text][\/vc_column][\/vc_row]<\/p>\n","protected":false},"excerpt":{"rendered":"<p>[vc_row full_width=\u00a0\u00bbstretch_row\u00a0\u00bb content_placement=\u00a0\u00bbmiddle\u00a0\u00bb svg_background=\u00a0\u00bb%5B%7B%7D%5D\u00a0\u00bb css=\u00a0\u00bb.vc_custom_1658229123380{padding-top: 0px !important;padding-bottom: 0px !important;background-image: url(https:\/\/www.capybarabooks.com\/wp22\/wp-content\/uploads\/2021\/12\/buch-header.jpg?id=3089) !important;background-position: center !important;background-repeat: no-repeat !important;background-size: cover !important;}\u00a0\u00bb el_class=\u00a0\u00bbseitentitel-hintergrund\u00a0\u00bb][vc_column][vc_column_text el_class=\u00a0\u00bbseitentitel-eins\u00a0\u00bb] LIVRES [\/vc_column_text][vc_column_text el_class=\u00a0\u00bbseitentitel-zwei\u00a0\u00bb] Litt\u00e9rature [\/vc_column_text][\/vc_column][\/vc_row][vc_row css=\u00a0\u00bb.vc_custom_1658237907272{margin-top: 25px !important;}\u00a0\u00bb svg_background=\u00a0\u00bb%5B%7B%7D%5D\u00a0\u00bb][vc_column width=\u00a0\u00bb1\/3&Prime;][vc_single_image image=\u00a0\u00bb3127&Prime; img_size=\u00a0\u00bbfull\u00a0\u00bb][\/vc_column][vc_column width=\u00a0\u00bb2\/3&Prime; el_class=\u00a0\u00bbbuch-informationen\u00a0\u00bb][vc_column_text el_class=\u00a0\u00bbbuch-autor\u00a0\u00bb]Jean-Marc Lantz[\/vc_column_text][vc_column_text el_class=\u00a0\u00bbbuch-titel\u00a0\u00bb]Magnetosaurus Nostalgodon[\/vc_column_text][vc_column_text]Firwat schumme sech sou [&hellip;]<\/p>\n","protected":false},"author":12,"featured_media":3940,"template":"","meta":[],"product_cat":[84],"product_tag":[],"class_list":["post-3939","product","type-product","status-publish","has-post-thumbnail","hentry","product_cat-litterature"],"aioseo_notices":[],"_links":{"self":[{"href":"https:\/\/www.capybarabooks.com\/fr\/wp-json\/wp\/v2\/product\/3939","targetHints":{"allow":["GET"]}}],"collection":[{"href":"https:\/\/www.capybarabooks.com\/fr\/wp-json\/wp\/v2\/product"}],"about":[{"href":"https:\/\/www.capybarabooks.com\/fr\/wp-json\/wp\/v2\/types\/product"}],"author":[{"embeddable":true,"href":"https:\/\/www.capybarabooks.com\/fr\/wp-json\/wp\/v2\/users\/12"}],"wp:featuredmedia":[{"embeddable":true,"href":"https:\/\/www.capybarabooks.com\/fr\/wp-json\/wp\/v2\/media\/3940"}],"wp:attachment":[{"href":"https:\/\/www.capybarabooks.com\/fr\/wp-json\/wp\/v2\/media?parent=3939"}],"wp:term":[{"taxonomy":"product_cat","embeddable":true,"href":"https:\/\/www.capybarabooks.com\/fr\/wp-json\/wp\/v2\/product_cat?post=3939"},{"taxonomy":"product_tag","embeddable":true,"href":"https:\/\/www.capybarabooks.com\/fr\/wp-json\/wp\/v2\/product_tag?post=3939"}],"curies":[{"name":"wp","href":"https:\/\/api.w.org\/{rel}","templated":true}]}}